{"id":43,"date":"2017-06-20T13:53:15","date_gmt":"2017-06-20T13:53:15","guid":{"rendered":"http:\/\/fortempack.hu\/?page_id=43"},"modified":"2021-12-29T21:03:53","modified_gmt":"2021-12-29T21:03:53","slug":"rolunk","status":"publish","type":"page","link":"https:\/\/fortempack.hu\/?page_id=43","title":{"rendered":"R\u00f3lunk"},"content":{"rendered":"<p><span style=\"font-weight: 400;\">Magyar tulajdon\u00fa v\u00e1llalkoz\u00e1sk\u00e9nt c\u00e9g\u00fcnk 2010 \u00f3ta tev\u00e9kenykedik. Folyamatosan n\u00f6vekv\u0151 vev\u0151k\u00f6rrel <\/span><span style=\"font-weight: 400;\">rendelkez\u00fcnk, partnereink k\u00f6z\u00f6tt megtal\u00e1lhat\u00f3ak mind a gy\u00e1rt\u00f3, mind a szolg\u00e1ltat\u00f3 c\u00e9gek. Ezen bel\u00fcl is ki kell emeln\u00fcnk a termel\u0151 v\u00e1llalatok, a vend\u00e9gl\u00e1t\u00e1s ter\u00fclet\u00e9n m\u0171k\u00f6d\u0151 \u00e9s a l\u00e9tes\u00edtm\u00e9ny \u00fczemeltet\u0151 v\u00e1llalkoz\u00e1sok ell\u00e1t\u00e1s\u00e1t, ill. az orvosi rendel\u0151k kiszolg\u00e1l\u00e1s\u00e1t.<\/span><\/p>\n<p><span style=\"font-weight: 400;\">A Fortem Pack c\u00e9gell\u00e1t\u00e1si\u00a0 megold\u00e1sokat \u00e9s term\u00e9keket k\u00edn\u00e1l az egyedi feladatokhoz, megb\u00edzhat\u00f3an \u00e9s versenyk\u00e9pes \u00e1ron. Partnereinkkel egy\u00fcttm\u0171k\u00f6dve folyamatosan b\u0151v\u00edtj\u00fck forgalmazott term\u00e9keink v\u00e1laszt\u00e9k\u00e1t. Rakt\u00e1rkapacit\u00e1sunk lehet\u0151v\u00e9 teszi a vev\u0151i ig\u00e9nyek szerinti k\u00e9szletez\u00e9st \u00e9s kisz\u00e1ll\u00edt\u00e1st.<\/span><\/p>\n<p><span style=\"font-weight: 400;\">A\u00a0<\/span><b>&#8220;Partnerek teljesk\u00f6r\u0171 ell\u00e1t\u00e1s\u00e1ban Fortem&#8221;<\/b><span style=\"font-weight: 400;\">\u00a0\u2013 egy egyszer\u0171 mott\u00f3, mely t\u00fckr\u00f6zi c\u00e9g\u00fcnk k\u00fcldet\u00e9s\u00e9t \u00e9s azt a filoz\u00f3fi\u00e1t, miszerint bonyolult probl\u00e9m\u00e1knak egyszer\u0171 megold\u00e1st kell tal\u00e1lni.<\/span><\/p>\n<p><span style=\"font-weight: 400;\">A Fortem Pack Kft. az \u00d6n ide\u00e1lis partnere, amennyiben \u00d6n:<\/span><\/p>\n<ul>\n<li><span style=\"font-weight: 400;\">sz\u00edvesen beszerezne\u00a0<\/span><b>mindent egy helyr\u0151l \u00a0 \u00a0 \u00a0 \u00a0 \u00a0 \u00a0 \u00a0 \u00a0 \u00a0 \u00a0 \u00a0 \u00a0 \u00a0 \u00a0 \u00a0 \u00a0 \u00a0 \u00a0 \u00a0 \u00a0 \u00a0 \u00a0 \u00a0 \u00a0 \u00a0 \u00a0 \u00a0 \u00a0 \u00a0 \u00a0 \u00a0 \u00a0 \u00a0 \u00a0 \u00a0 \u00a0 \u00a0 \u00a0 \u00a0 \u00a0 \u00a0 \u00a0 \u00a0 \u00a0 \u00a0 \u00a0 \u00a0 \u00a0 \u00a0 \u00a0 \u00a0 \u00a0 \u00a0 \u00a0 \u00a0 \u00a0 \u00a0 \u00a0 \u00a0 \u00a0 \u00a0 \u00a0 \u00a0 \u00a0 \u00a0 \u00a0 \u00a0 \u00a0\u00a0<img loading=\"lazy\" class=\"alignright wp-image-85 size-medium\" src=\"http:\/\/fortempack.hu\/wp-content\/uploads\/2017\/06\/e-commerce-business-courier-300x270.jpg\" alt=\"\" width=\"300\" height=\"270\" srcset=\"https:\/\/fortempack.hu\/wp-content\/uploads\/2017\/06\/e-commerce-business-courier-300x270.jpg 300w, https:\/\/fortempack.hu\/wp-content\/uploads\/2017\/06\/e-commerce-business-courier-600x540.jpg 600w, https:\/\/fortempack.hu\/wp-content\/uploads\/2017\/06\/e-commerce-business-courier-768x691.jpg 768w, https:\/\/fortempack.hu\/wp-content\/uploads\/2017\/06\/e-commerce-business-courier.jpg 1000w\" sizes=\"(max-width: 300px) 100vw, 300px\" \/><\/b><\/li>\n<li><b>id\u0151t takar\u00edtana meg<\/b><\/li>\n<li><span style=\"font-weight: 400;\">megb\u00edzhat\u00f3,\u00a0<\/span><b>j\u00f3 \u00e1r-\u00e9rt\u00e9k ar\u00e1ny\u00fa<\/b><span style=\"font-weight: 400;\">\u00a0szolg\u00e1ltat\u00f3t keres<\/span><\/li>\n<li><span style=\"font-weight: 400;\">rugalmas \u00e9s gyors szolg\u00e1ltat\u00e1sra van sz\u00fcks\u00e9ge.<\/span><\/li>\n<\/ul>\n<p><strong>Tev\u00e9kenys\u00e9g\u00fcnk<\/strong><\/p>\n<p>A Fortem Pack c\u00e9gell\u00e1t\u00e1si\u00a0 megold\u00e1sokat \u00e9s term\u00e9keket k\u00edn\u00e1l az egyedi ig\u00e9nyekhez, megb\u00edzhat\u00f3an \u00e9s versenyk\u00e9pes \u00e1ron. Partnereinkkel egy\u00fcttm\u0171k\u00f6dve folyamatosan b\u0151v\u00edtj\u00fck forgalmazott term\u00e9keink v\u00e1laszt\u00e9k\u00e1t.<\/p>\n<p>A Fortem Pack Kft. mind nagyv\u00e1llalati mind KKV szektor ig\u00e9nyeit szolg\u00e1lja ki, seg\u00edtj\u00fck partnereinket a\u00a0 piaci versenyk\u00e9pess\u00e9g\u00fck megtart\u00e1s\u00e1ban, fejleszt\u00e9s\u00e9ben.<\/p>\n<p>Szolg\u00e1ltat\u00e1saink \u00e9s term\u00e9keink a legt\u00f6bb\u00a0 ipari, eg\u00e9szs\u00e9g\u00fcgyi, vend\u00e9gl\u00e1t\u00f3ipari szektorban alkalmazhat\u00f3ak. Tapasztalataink t\u00f6bbek k\u00f6zt kiterjednek az elektronikai, az orvosi eszk\u00f6z gy\u00e1rt\u00f3i, a f\u00e9mipari, az aut\u00f3- \u00e9s alkatr\u00e9szipari ter\u00fcletekre, a m\u0171anyagfeldolgoz\u00e1sra \u00e9s az \u00e9lelmiszeripar sz\u00e1mos ter\u00fclet\u00e9re.<\/p>\n<p><b><i>K\u00e9rj\u00fck, h\u00edvjon bizalommal, \u00e9s k\u00e9rje szem\u00e9lyes bemutatkoz\u00f3nkat, egyedi aj\u00e1nlatunkat!<\/i><\/b><\/p>\n<p><span style=\"font-weight: 400;\">Sz\u00edv\u00e9lyes \u00fcdv\u00f6zlettel<\/span><\/p>\n<p><span style=\"font-weight: 400;\">M\u00f3r\u00f3n\u00e9 S\u00e1ndor Barbara<\/span><span style=\"font-weight: 400;\"><br \/>\n<\/span><span style=\"font-weight: 400;\">\u00fcgyvezet\u0151 igazgat\u00f3<\/span><\/p>\n","protected":false},"excerpt":{"rendered":"<p>Magyar tulajdon\u00fa v\u00e1llalkoz\u00e1sk\u00e9nt c\u00e9g\u00fcnk 2010 \u00f3ta tev\u00e9kenykedik. Folyamatosan n\u00f6vekv\u0151 vev\u0151k\u00f6rrel rendelkez\u00fcnk, partnereink k\u00f6z\u00f6tt megtal\u00e1lhat\u00f3ak mind a gy\u00e1rt\u00f3, mind a szolg\u00e1ltat\u00f3 c\u00e9gek. Ezen bel\u00fcl is ki kell emeln\u00fcnk a termel\u0151 v\u00e1llalatok, a vend\u00e9gl\u00e1t\u00e1s ter\u00fclet\u00e9n m\u0171k\u00f6d\u0151 \u00e9s a l\u00e9tes\u00edtm\u00e9ny \u00fczemeltet\u0151 v\u00e1llalkoz\u00e1sok ell\u00e1t\u00e1s\u00e1t, ill. az orvosi rendel\u0151k kiszolg\u00e1l\u00e1s\u00e1t. A Fortem Pack c\u00e9gell\u00e1t\u00e1si\u00a0 megold\u00e1sokat \u00e9s term\u00e9keket k\u00edn\u00e1l az egyedi <a class=\"read-more\" href=\"https:\/\/fortempack.hu\/?page_id=43\">Tov\u00e1bb olvasom&#8230;<\/a><\/p>\n","protected":false},"author":1,"featured_media":0,"parent":0,"menu_order":0,"comment_status":"closed","ping_status":"closed","template":"template-full-width.php","meta":[],"yoast_head":"<!-- This site is optimized with the Yoast SEO plugin v19.6 - https:\/\/yoast.com\/wordpress\/plugins\/seo\/ -->\n<title>R\u00f3lunk - Fortempack web\u00e1ruh\u00e1z<\/title>\n<meta name=\"robots\" content=\"index, follow, max-snippet:-1, max-image-preview:large, max-video-preview:-1\" \/>\n<link rel=\"canonical\" href=\"http:\/\/fortempack.hu\/?page_id=43\" \/>\n<meta property=\"og:locale\" content=\"hu_HU\" \/>\n<meta property=\"og:type\" content=\"article\" \/>\n<meta property=\"og:title\" content=\"R\u00f3lunk - Fortempack web\u00e1ruh\u00e1z\" \/>\n<meta property=\"og:description\" content=\"Magyar tulajdon\u00fa v\u00e1llalkoz\u00e1sk\u00e9nt c\u00e9g\u00fcnk 2010 \u00f3ta tev\u00e9kenykedik. Folyamatosan n\u00f6vekv\u0151 vev\u0151k\u00f6rrel rendelkez\u00fcnk, partnereink k\u00f6z\u00f6tt megtal\u00e1lhat\u00f3ak mind a gy\u00e1rt\u00f3, mind a szolg\u00e1ltat\u00f3 c\u00e9gek. Ezen bel\u00fcl is ki kell emeln\u00fcnk a termel\u0151 v\u00e1llalatok, a vend\u00e9gl\u00e1t\u00e1s ter\u00fclet\u00e9n m\u0171k\u00f6d\u0151 \u00e9s a l\u00e9tes\u00edtm\u00e9ny \u00fczemeltet\u0151 v\u00e1llalkoz\u00e1sok ell\u00e1t\u00e1s\u00e1t, ill. az orvosi rendel\u0151k kiszolg\u00e1l\u00e1s\u00e1t. A Fortem Pack c\u00e9gell\u00e1t\u00e1si\u00a0 megold\u00e1sokat \u00e9s term\u00e9keket k\u00edn\u00e1l az egyedi Tov\u00e1bb olvasom...\" \/>\n<meta property=\"og:url\" content=\"http:\/\/fortempack.hu\/?page_id=43\" \/>\n<meta property=\"og:site_name\" content=\"Fortempack web\u00e1ruh\u00e1z\" \/>\n<meta property=\"article:modified_time\" content=\"2021-12-29T21:03:53+00:00\" \/>\n<meta property=\"og:image\" content=\"http:\/\/fortempack.hu\/wp-content\/uploads\/2017\/06\/e-commerce-business-courier-300x270.jpg\" \/>\n<meta name=\"twitter:card\" content=\"summary_large_image\" \/>\n<meta name=\"twitter:label1\" content=\"Becs\u00fclt olvas\u00e1si id\u0151\" \/>\n\t<meta name=\"twitter:data1\" content=\"2 perc\" \/>\n<script type=\"application\/ld+json\" class=\"yoast-schema-graph\">{\"@context\":\"https:\/\/schema.org\",\"@graph\":[{\"@type\":\"WebPage\",\"@id\":\"http:\/\/fortempack.hu\/?page_id=43\",\"url\":\"http:\/\/fortempack.hu\/?page_id=43\",\"name\":\"R\u00f3lunk - Fortempack web\u00e1ruh\u00e1z\",\"isPartOf\":{\"@id\":\"https:\/\/fortempack.hu\/#website\"},\"datePublished\":\"2017-06-20T13:53:15+00:00\",\"dateModified\":\"2021-12-29T21:03:53+00:00\",\"breadcrumb\":{\"@id\":\"http:\/\/fortempack.hu\/?page_id=43#breadcrumb\"},\"inLanguage\":\"hu\",\"potentialAction\":[{\"@type\":\"ReadAction\",\"target\":[\"http:\/\/fortempack.hu\/?page_id=43\"]}]},{\"@type\":\"BreadcrumbList\",\"@id\":\"http:\/\/fortempack.hu\/?page_id=43#breadcrumb\",\"itemListElement\":[{\"@type\":\"ListItem\",\"position\":1,\"name\":\"Home\",\"item\":\"https:\/\/fortempack.hu\/\"},{\"@type\":\"ListItem\",\"position\":2,\"name\":\"R\u00f3lunk\"}]},{\"@type\":\"WebSite\",\"@id\":\"https:\/\/fortempack.hu\/#website\",\"url\":\"https:\/\/fortempack.hu\/\",\"name\":\"Fortempack web\u00e1ruh\u00e1z\",\"description\":\"Teljesk\u00f6r\u0171 ell\u00e1t\u00e1sban FORTEM!\",\"publisher\":{\"@id\":\"https:\/\/fortempack.hu\/#organization\"},\"potentialAction\":[{\"@type\":\"SearchAction\",\"target\":{\"@type\":\"EntryPoint\",\"urlTemplate\":\"https:\/\/fortempack.hu\/?s={search_term_string}\"},\"query-input\":\"required name=search_term_string\"}],\"inLanguage\":\"hu\"},{\"@type\":\"Organization\",\"@id\":\"https:\/\/fortempack.hu\/#organization\",\"name\":\"Fortempack web\u00e1ruh\u00e1z\",\"url\":\"https:\/\/fortempack.hu\/\",\"sameAs\":[],\"logo\":{\"@type\":\"ImageObject\",\"inLanguage\":\"hu\",\"@id\":\"https:\/\/fortempack.hu\/#\/schema\/logo\/image\/\",\"url\":\"https:\/\/fortempack.hu\/wp-content\/uploads\/2021\/11\/cropped-Fortem-logo.png\",\"contentUrl\":\"https:\/\/fortempack.hu\/wp-content\/uploads\/2021\/11\/cropped-Fortem-logo.png\",\"width\":468,\"height\":143,\"caption\":\"Fortempack web\u00e1ruh\u00e1z\"},\"image\":{\"@id\":\"https:\/\/fortempack.hu\/#\/schema\/logo\/image\/\"}}]}<\/script>\n<!-- \/ Yoast SEO plugin. -->","yoast_head_json":{"title":"R\u00f3lunk - Fortempack web\u00e1ruh\u00e1z","robots":{"index":"index","follow":"follow","max-snippet":"max-snippet:-1","max-image-preview":"max-image-preview:large","max-video-preview":"max-video-preview:-1"},"canonical":"http:\/\/fortempack.hu\/?page_id=43","og_locale":"hu_HU","og_type":"article","og_title":"R\u00f3lunk - Fortempack web\u00e1ruh\u00e1z","og_description":"Magyar tulajdon\u00fa v\u00e1llalkoz\u00e1sk\u00e9nt c\u00e9g\u00fcnk 2010 \u00f3ta tev\u00e9kenykedik. Folyamatosan n\u00f6vekv\u0151 vev\u0151k\u00f6rrel rendelkez\u00fcnk, partnereink k\u00f6z\u00f6tt megtal\u00e1lhat\u00f3ak mind a gy\u00e1rt\u00f3, mind a szolg\u00e1ltat\u00f3 c\u00e9gek. Ezen bel\u00fcl is ki kell emeln\u00fcnk a termel\u0151 v\u00e1llalatok, a vend\u00e9gl\u00e1t\u00e1s ter\u00fclet\u00e9n m\u0171k\u00f6d\u0151 \u00e9s a l\u00e9tes\u00edtm\u00e9ny \u00fczemeltet\u0151 v\u00e1llalkoz\u00e1sok ell\u00e1t\u00e1s\u00e1t, ill. az orvosi rendel\u0151k kiszolg\u00e1l\u00e1s\u00e1t. A Fortem Pack c\u00e9gell\u00e1t\u00e1si\u00a0 megold\u00e1sokat \u00e9s term\u00e9keket k\u00edn\u00e1l az egyedi Tov\u00e1bb olvasom...","og_url":"http:\/\/fortempack.hu\/?page_id=43","og_site_name":"Fortempack web\u00e1ruh\u00e1z","article_modified_time":"2021-12-29T21:03:53+00:00","og_image":[{"url":"http:\/\/fortempack.hu\/wp-content\/uploads\/2017\/06\/e-commerce-business-courier-300x270.jpg"}],"twitter_card":"summary_large_image","twitter_misc":{"Becs\u00fclt olvas\u00e1si id\u0151":"2 perc"},"schema":{"@context":"https:\/\/schema.org","@graph":[{"@type":"WebPage","@id":"http:\/\/fortempack.hu\/?page_id=43","url":"http:\/\/fortempack.hu\/?page_id=43","name":"R\u00f3lunk - Fortempack web\u00e1ruh\u00e1z","isPartOf":{"@id":"https:\/\/fortempack.hu\/#website"},"datePublished":"2017-06-20T13:53:15+00:00","dateModified":"2021-12-29T21:03:53+00:00","breadcrumb":{"@id":"http:\/\/fortempack.hu\/?page_id=43#breadcrumb"},"inLanguage":"hu","potentialAction":[{"@type":"ReadAction","target":["http:\/\/fortempack.hu\/?page_id=43"]}]},{"@type":"BreadcrumbList","@id":"http:\/\/fortempack.hu\/?page_id=43#breadcrumb","itemListElement":[{"@type":"ListItem","position":1,"name":"Home","item":"https:\/\/fortempack.hu\/"},{"@type":"ListItem","position":2,"name":"R\u00f3lunk"}]},{"@type":"WebSite","@id":"https:\/\/fortempack.hu\/#website","url":"https:\/\/fortempack.hu\/","name":"Fortempack web\u00e1ruh\u00e1z","description":"Teljesk\u00f6r\u0171 ell\u00e1t\u00e1sban FORTEM!","publisher":{"@id":"https:\/\/fortempack.hu\/#organization"},"potentialAction":[{"@type":"SearchAction","target":{"@type":"EntryPoint","urlTemplate":"https:\/\/fortempack.hu\/?s={search_term_string}"},"query-input":"required name=search_term_string"}],"inLanguage":"hu"},{"@type":"Organization","@id":"https:\/\/fortempack.hu\/#organization","name":"Fortempack web\u00e1ruh\u00e1z","url":"https:\/\/fortempack.hu\/","sameAs":[],"logo":{"@type":"ImageObject","inLanguage":"hu","@id":"https:\/\/fortempack.hu\/#\/schema\/logo\/image\/","url":"https:\/\/fortempack.hu\/wp-content\/uploads\/2021\/11\/cropped-Fortem-logo.png","contentUrl":"https:\/\/fortempack.hu\/wp-content\/uploads\/2021\/11\/cropped-Fortem-logo.png","width":468,"height":143,"caption":"Fortempack web\u00e1ruh\u00e1z"},"image":{"@id":"https:\/\/fortempack.hu\/#\/schema\/logo\/image\/"}}]}},"_links":{"self":[{"href":"https:\/\/fortempack.hu\/index.php?rest_route=\/wp\/v2\/pages\/43"}],"collection":[{"href":"https:\/\/fortempack.hu\/index.php?rest_route=\/wp\/v2\/pages"}],"about":[{"href":"https:\/\/fortempack.hu\/index.php?rest_route=\/wp\/v2\/types\/page"}],"author":[{"embeddable":true,"href":"https:\/\/fortempack.hu\/index.php?rest_route=\/wp\/v2\/users\/1"}],"replies":[{"embeddable":true,"href":"https:\/\/fortempack.hu\/index.php?rest_route=%2Fwp%2Fv2%2Fcomments&post=43"}],"version-history":[{"count":8,"href":"https:\/\/fortempack.hu\/index.php?rest_route=\/wp\/v2\/pages\/43\/revisions"}],"predecessor-version":[{"id":11217,"href":"https:\/\/fortempack.hu\/index.php?rest_route=\/wp\/v2\/pages\/43\/revisions\/11217"}],"wp:attachment":[{"href":"https:\/\/fortempack.hu\/index.php?rest_route=%2Fwp%2Fv2%2Fmedia&parent=43"}],"curies":[{"name":"wp","href":"https:\/\/api.w.org\/{rel}","templated":true}]}}