{"id":16,"date":"2017-06-20T13:26:52","date_gmt":"2017-06-20T13:26:52","guid":{"rendered":"http:\/\/fortempack.hu\/?page_id=16"},"modified":"2022-04-02T14:02:27","modified_gmt":"2022-04-02T14:02:27","slug":"kapcsolat","status":"publish","type":"page","link":"https:\/\/fortempack.hu\/?page_id=16","title":{"rendered":"Kapcsolat"},"content":{"rendered":"<p>Fortem Pack Kft<br \/>\nSz\u00e9khely: 1164 Budapest, T\u00f3k\u00f6z utca 64.<\/p>\n<p>Szem\u00e9lyes \u00e1tv\u00e9tel:<br \/>\n2142 Nagytarcsa Als\u00f3 Ipari k\u00f6r\u00fat 8\/f<\/p>\n<p><em>Ad\u00f3sz\u00e1m:<\/em>\u00a023076165-2-42<\/p>\n<hr \/>\n<p>M\u00f3r\u00f3 Barbara<\/p>\n<p><strong>E-mail:<\/strong>\u00a0<a href=\"mailto:morobarbara@fortempack.hu\">morobarbara@fortempack.hu<\/a>\u00a0|\u00a0<a href=\"mailto:rendeles@fortempack.hu\">rendeles@fortempack.hu<\/a><\/p>\n<hr \/>\n<hr \/>\n<p><img loading=\"lazy\" class=\"size-medium wp-image-85 alignright\" src=\"http:\/\/fortempack.hu\/wp-content\/uploads\/2017\/06\/e-commerce-business-courier-300x270.jpg\" alt=\"\" width=\"300\" height=\"270\" srcset=\"https:\/\/fortempack.hu\/wp-content\/uploads\/2017\/06\/e-commerce-business-courier-300x270.jpg 300w, https:\/\/fortempack.hu\/wp-content\/uploads\/2017\/06\/e-commerce-business-courier-600x540.jpg 600w, https:\/\/fortempack.hu\/wp-content\/uploads\/2017\/06\/e-commerce-business-courier-768x691.jpg 768w, https:\/\/fortempack.hu\/wp-content\/uploads\/2017\/06\/e-commerce-business-courier.jpg 1000w\" sizes=\"(max-width: 300px) 100vw, 300px\" \/><\/p>\n<p>\u00dczenethagy\u00e1si lehet\u0151s\u00e9g itt:<\/p>\n<div role=\"form\" class=\"wpcf7\" id=\"wpcf7-f62-o1\" lang=\"hu-HU\" dir=\"ltr\">\n<div class=\"screen-reader-response\"><p role=\"status\" aria-live=\"polite\" aria-atomic=\"true\"><\/p> <ul><\/ul><\/div>\n<form action=\"\/index.php?rest_route=%2Fwp%2Fv2%2Fpages%2F16#wpcf7-f62-o1\" method=\"post\" class=\"wpcf7-form init\" novalidate=\"novalidate\" data-status=\"init\">\n<div style=\"display: none;\">\n<input type=\"hidden\" name=\"_wpcf7\" value=\"62\" \/>\n<input type=\"hidden\" name=\"_wpcf7_version\" value=\"5.6.2\" \/>\n<input type=\"hidden\" name=\"_wpcf7_locale\" value=\"hu_HU\" \/>\n<input type=\"hidden\" name=\"_wpcf7_unit_tag\" value=\"wpcf7-f62-o1\" \/>\n<input type=\"hidden\" name=\"_wpcf7_container_post\" value=\"0\" \/>\n<input type=\"hidden\" name=\"_wpcf7_posted_data_hash\" value=\"\" \/>\n<\/div>\n<p><label> N\u00e9v (k\u00f6telez\u0151)<br \/>\n    <span class=\"wpcf7-form-control-wrap\" data-name=\"your-name\"><input type=\"text\" name=\"your-name\" value=\"\" size=\"40\" class=\"wpcf7-form-control wpcf7-text wpcf7-validates-as-required\" aria-required=\"true\" aria-invalid=\"false\" \/><\/span> <\/label><\/p>\n<p><label> Email c\u00edm (k\u00f6telez\u0151)<br \/>\n    <span class=\"wpcf7-form-control-wrap\" data-name=\"your-email\"><input type=\"email\" name=\"your-email\" value=\"\" size=\"40\" class=\"wpcf7-form-control wpcf7-text wpcf7-email wpcf7-validates-as-required wpcf7-validates-as-email\" aria-required=\"true\" aria-invalid=\"false\" \/><\/span> <\/label><\/p>\n<p><label> T\u00e1rgy<br \/>\n    <span class=\"wpcf7-form-control-wrap\" data-name=\"your-subject\"><input type=\"text\" name=\"your-subject\" value=\"\" size=\"40\" class=\"wpcf7-form-control wpcf7-text\" aria-invalid=\"false\" \/><\/span> <\/label><\/p>\n<p><label> \u00dczenet<br \/>\n    <span class=\"wpcf7-form-control-wrap\" data-name=\"your-message\"><textarea name=\"your-message\" cols=\"40\" rows=\"10\" class=\"wpcf7-form-control wpcf7-textarea\" aria-invalid=\"false\"><\/textarea><\/span> <\/label><\/p>\n<p><input type=\"submit\" value=\"K\u00fcld\u00e9s\" class=\"wpcf7-form-control has-spinner wpcf7-submit\" \/><\/p>\n<div class=\"wpcf7-response-output\" aria-hidden=\"true\"><\/div><\/form><\/div>\n","protected":false},"excerpt":{"rendered":"<p>Fortem Pack Kft Sz\u00e9khely: 1164 Budapest, T\u00f3k\u00f6z utca 64. Szem\u00e9lyes \u00e1tv\u00e9tel: 2142 Nagytarcsa Als\u00f3 Ipari k\u00f6r\u00fat 8\/f Ad\u00f3sz\u00e1m:\u00a023076165-2-42 M\u00f3r\u00f3 Barbara E-mail:\u00a0morobarbara@fortempack.hu\u00a0|\u00a0rendeles@fortempack.hu \u00dczenethagy\u00e1si lehet\u0151s\u00e9g itt:<\/p>\n","protected":false},"author":1,"featured_media":0,"parent":0,"menu_order":0,"comment_status":"closed","ping_status":"closed","template":"template-full-width.php","meta":[],"yoast_head":"<!-- This site is optimized with the Yoast SEO plugin v19.6 - https:\/\/yoast.com\/wordpress\/plugins\/seo\/ -->\n<title>Kapcsolat - Fortempack web\u00e1ruh\u00e1z<\/title>\n<meta name=\"robots\" content=\"index, follow, max-snippet:-1, max-image-preview:large, max-video-preview:-1\" \/>\n<link rel=\"canonical\" href=\"http:\/\/fortempack.hu\/?page_id=16\" \/>\n<meta property=\"og:locale\" content=\"hu_HU\" \/>\n<meta property=\"og:type\" content=\"article\" \/>\n<meta property=\"og:title\" content=\"Kapcsolat - Fortempack web\u00e1ruh\u00e1z\" \/>\n<meta property=\"og:description\" content=\"Fortem Pack Kft Sz\u00e9khely: 1164 Budapest, T\u00f3k\u00f6z utca 64. Szem\u00e9lyes \u00e1tv\u00e9tel: 2142 Nagytarcsa Als\u00f3 Ipari k\u00f6r\u00fat 8\/f Ad\u00f3sz\u00e1m:\u00a023076165-2-42 M\u00f3r\u00f3 Barbara E-mail:\u00a0morobarbara@fortempack.hu\u00a0|\u00a0rendeles@fortempack.hu \u00dczenethagy\u00e1si lehet\u0151s\u00e9g itt:\" \/>\n<meta property=\"og:url\" content=\"http:\/\/fortempack.hu\/?page_id=16\" \/>\n<meta property=\"og:site_name\" content=\"Fortempack web\u00e1ruh\u00e1z\" \/>\n<meta property=\"article:modified_time\" content=\"2022-04-02T14:02:27+00:00\" \/>\n<meta property=\"og:image\" content=\"http:\/\/fortempack.hu\/wp-content\/uploads\/2017\/06\/e-commerce-business-courier-300x270.jpg\" \/>\n<meta name=\"twitter:card\" content=\"summary_large_image\" \/>\n<meta name=\"twitter:label1\" content=\"Becs\u00fclt olvas\u00e1si id\u0151\" \/>\n\t<meta name=\"twitter:data1\" content=\"1 perc\" \/>\n<script type=\"application\/ld+json\" class=\"yoast-schema-graph\">{\"@context\":\"https:\/\/schema.org\",\"@graph\":[{\"@type\":\"WebPage\",\"@id\":\"http:\/\/fortempack.hu\/?page_id=16\",\"url\":\"http:\/\/fortempack.hu\/?page_id=16\",\"name\":\"Kapcsolat - Fortempack web\u00e1ruh\u00e1z\",\"isPartOf\":{\"@id\":\"https:\/\/fortempack.hu\/#website\"},\"datePublished\":\"2017-06-20T13:26:52+00:00\",\"dateModified\":\"2022-04-02T14:02:27+00:00\",\"breadcrumb\":{\"@id\":\"http:\/\/fortempack.hu\/?page_id=16#breadcrumb\"},\"inLanguage\":\"hu\",\"potentialAction\":[{\"@type\":\"ReadAction\",\"target\":[\"http:\/\/fortempack.hu\/?page_id=16\"]}]},{\"@type\":\"BreadcrumbList\",\"@id\":\"http:\/\/fortempack.hu\/?page_id=16#breadcrumb\",\"itemListElement\":[{\"@type\":\"ListItem\",\"position\":1,\"name\":\"Home\",\"item\":\"https:\/\/fortempack.hu\/\"},{\"@type\":\"ListItem\",\"position\":2,\"name\":\"Kapcsolat\"}]},{\"@type\":\"WebSite\",\"@id\":\"https:\/\/fortempack.hu\/#website\",\"url\":\"https:\/\/fortempack.hu\/\",\"name\":\"Fortempack web\u00e1ruh\u00e1z\",\"description\":\"Teljesk\u00f6r\u0171 ell\u00e1t\u00e1sban FORTEM!\",\"publisher\":{\"@id\":\"https:\/\/fortempack.hu\/#organization\"},\"potentialAction\":[{\"@type\":\"SearchAction\",\"target\":{\"@type\":\"EntryPoint\",\"urlTemplate\":\"https:\/\/fortempack.hu\/?s={search_term_string}\"},\"query-input\":\"required name=search_term_string\"}],\"inLanguage\":\"hu\"},{\"@type\":\"Organization\",\"@id\":\"https:\/\/fortempack.hu\/#organization\",\"name\":\"Fortempack web\u00e1ruh\u00e1z\",\"url\":\"https:\/\/fortempack.hu\/\",\"sameAs\":[],\"logo\":{\"@type\":\"ImageObject\",\"inLanguage\":\"hu\",\"@id\":\"https:\/\/fortempack.hu\/#\/schema\/logo\/image\/\",\"url\":\"https:\/\/fortempack.hu\/wp-content\/uploads\/2021\/11\/cropped-Fortem-logo.png\",\"contentUrl\":\"https:\/\/fortempack.hu\/wp-content\/uploads\/2021\/11\/cropped-Fortem-logo.png\",\"width\":468,\"height\":143,\"caption\":\"Fortempack web\u00e1ruh\u00e1z\"},\"image\":{\"@id\":\"https:\/\/fortempack.hu\/#\/schema\/logo\/image\/\"}}]}<\/script>\n<!-- \/ Yoast SEO plugin. -->","yoast_head_json":{"title":"Kapcsolat - Fortempack web\u00e1ruh\u00e1z","robots":{"index":"index","follow":"follow","max-snippet":"max-snippet:-1","max-image-preview":"max-image-preview:large","max-video-preview":"max-video-preview:-1"},"canonical":"http:\/\/fortempack.hu\/?page_id=16","og_locale":"hu_HU","og_type":"article","og_title":"Kapcsolat - Fortempack web\u00e1ruh\u00e1z","og_description":"Fortem Pack Kft Sz\u00e9khely: 1164 Budapest, T\u00f3k\u00f6z utca 64. Szem\u00e9lyes \u00e1tv\u00e9tel: 2142 Nagytarcsa Als\u00f3 Ipari k\u00f6r\u00fat 8\/f Ad\u00f3sz\u00e1m:\u00a023076165-2-42 M\u00f3r\u00f3 Barbara E-mail:\u00a0morobarbara@fortempack.hu\u00a0|\u00a0rendeles@fortempack.hu \u00dczenethagy\u00e1si lehet\u0151s\u00e9g itt:","og_url":"http:\/\/fortempack.hu\/?page_id=16","og_site_name":"Fortempack web\u00e1ruh\u00e1z","article_modified_time":"2022-04-02T14:02:27+00:00","og_image":[{"url":"http:\/\/fortempack.hu\/wp-content\/uploads\/2017\/06\/e-commerce-business-courier-300x270.jpg"}],"twitter_card":"summary_large_image","twitter_misc":{"Becs\u00fclt olvas\u00e1si id\u0151":"1 perc"},"schema":{"@context":"https:\/\/schema.org","@graph":[{"@type":"WebPage","@id":"http:\/\/fortempack.hu\/?page_id=16","url":"http:\/\/fortempack.hu\/?page_id=16","name":"Kapcsolat - Fortempack web\u00e1ruh\u00e1z","isPartOf":{"@id":"https:\/\/fortempack.hu\/#website"},"datePublished":"2017-06-20T13:26:52+00:00","dateModified":"2022-04-02T14:02:27+00:00","breadcrumb":{"@id":"http:\/\/fortempack.hu\/?page_id=16#breadcrumb"},"inLanguage":"hu","potentialAction":[{"@type":"ReadAction","target":["http:\/\/fortempack.hu\/?page_id=16"]}]},{"@type":"BreadcrumbList","@id":"http:\/\/fortempack.hu\/?page_id=16#breadcrumb","itemListElement":[{"@type":"ListItem","position":1,"name":"Home","item":"https:\/\/fortempack.hu\/"},{"@type":"ListItem","position":2,"name":"Kapcsolat"}]},{"@type":"WebSite","@id":"https:\/\/fortempack.hu\/#website","url":"https:\/\/fortempack.hu\/","name":"Fortempack web\u00e1ruh\u00e1z","description":"Teljesk\u00f6r\u0171 ell\u00e1t\u00e1sban FORTEM!","publisher":{"@id":"https:\/\/fortempack.hu\/#organization"},"potentialAction":[{"@type":"SearchAction","target":{"@type":"EntryPoint","urlTemplate":"https:\/\/fortempack.hu\/?s={search_term_string}"},"query-input":"required name=search_term_string"}],"inLanguage":"hu"},{"@type":"Organization","@id":"https:\/\/fortempack.hu\/#organization","name":"Fortempack web\u00e1ruh\u00e1z","url":"https:\/\/fortempack.hu\/","sameAs":[],"logo":{"@type":"ImageObject","inLanguage":"hu","@id":"https:\/\/fortempack.hu\/#\/schema\/logo\/image\/","url":"https:\/\/fortempack.hu\/wp-content\/uploads\/2021\/11\/cropped-Fortem-logo.png","contentUrl":"https:\/\/fortempack.hu\/wp-content\/uploads\/2021\/11\/cropped-Fortem-logo.png","width":468,"height":143,"caption":"Fortempack web\u00e1ruh\u00e1z"},"image":{"@id":"https:\/\/fortempack.hu\/#\/schema\/logo\/image\/"}}]}},"_links":{"self":[{"href":"https:\/\/fortempack.hu\/index.php?rest_route=\/wp\/v2\/pages\/16"}],"collection":[{"href":"https:\/\/fortempack.hu\/index.php?rest_route=\/wp\/v2\/pages"}],"about":[{"href":"https:\/\/fortempack.hu\/index.php?rest_route=\/wp\/v2\/types\/page"}],"author":[{"embeddable":true,"href":"https:\/\/fortempack.hu\/index.php?rest_route=\/wp\/v2\/users\/1"}],"replies":[{"embeddable":true,"href":"https:\/\/fortempack.hu\/index.php?rest_route=%2Fwp%2Fv2%2Fcomments&post=16"}],"version-history":[{"count":17,"href":"https:\/\/fortempack.hu\/index.php?rest_route=\/wp\/v2\/pages\/16\/revisions"}],"predecessor-version":[{"id":11274,"href":"https:\/\/fortempack.hu\/index.php?rest_route=\/wp\/v2\/pages\/16\/revisions\/11274"}],"wp:attachment":[{"href":"https:\/\/fortempack.hu\/index.php?rest_route=%2Fwp%2Fv2%2Fmedia&parent=16"}],"curies":[{"name":"wp","href":"https:\/\/api.w.org\/{rel}","templated":true}]}}