{"id":59,"date":"2017-06-20T14:52:27","date_gmt":"2017-06-20T14:52:27","guid":{"rendered":"http:\/\/fortempack.hu\/?page_id=59"},"modified":"2021-12-29T21:08:47","modified_gmt":"2021-12-29T21:08:47","slug":"termekek","status":"publish","type":"page","link":"http:\/\/fortempack.hu\/?page_id=59","title":{"rendered":"Term\u00e9kek"},"content":{"rendered":"<h3><strong>Csomagol\u00f3anyag:<\/strong><\/h3>\n<p>ragaszt\u00f3szalag, kartondoboz, strech f\u00f3lia, l\u00e9gp\u00e1rn\u00e1s f\u00f3lia, hull\u00e1mpap\u00edr, p\u00e1ntol\u00e1stechnika, jel\u00f6l\u0151szalag, sim\u00edt\u00f3z\u00e1ras tasakok \/ PE tasakok, okm\u00e1nytasakok<\/p>\n<h3><strong>Munkav\u00e9delem:<\/strong><\/h3>\n<p>fejv\u00e9delem, l\u00e1bbelik, keszty\u0171k, munkaruh\u00e1zat<\/p>\n<h3><strong>ESD-s term\u00e9kek:<\/strong><\/h3>\n<p><em>\u00a0\u00a0ESD-s csomagol\u00f3anyagok:<\/em> strech f\u00f3lia , kartondoboz, l\u00e9gp\u00e1rn\u00e1s f\u00f3lia, ragaszt\u00f3szalag, tasakok, m\u0171anyag dobozok stb<\/p>\n<p><em>\u00a0 ESD-s munkav\u00e9delem:<\/em> keszty\u0171k, k\u00f6penyek, l\u00e1bbelik, egy\u00e9b kieg\u00e9sz\u00edt\u0151k<\/p>\n<p><em>\u00a0 ESD-s kieg\u00e9sz\u00edt\u0151k<\/em><\/p>\n<h3><strong>Tisztat\u00e9r: <\/strong><\/h3>\n<p><em>\u00a0 Tisztat\u00e9ri eszk\u00f6z\u00f6k:<\/em>\u00a0felmos\u00f3k, t\u00f6rl\u0151kend\u0151k<\/p>\n<p><em>\u00a0 Tisztat\u00e9ri ruh\u00e1zat:<\/em> hajh\u00e1l\u00f3, keszty\u0171, l\u00e1bv\u00e9d\u0151, arcmaszk, k\u00f6penyek<\/p>\n<h3><strong>Szersz\u00e1mok, alkatr\u00e9szek: <\/strong><\/h3>\n<p><em>\u00a0 Ipari, ESD \u00e9s tisztat\u00e9ri\u00a0 szersz\u00e1mok, m\u00e9r\u0151eszk\u00f6z\u00f6k, alkatr\u00e9szek<\/em><\/p>\n<p><img loading=\"lazy\" class=\"size-medium wp-image-85 alignright\" src=\"http:\/\/fortempack.hu\/wp-content\/uploads\/2017\/06\/e-commerce-business-courier-300x270.jpg\" alt=\"\" width=\"300\" height=\"270\" srcset=\"http:\/\/fortempack.hu\/wp-content\/uploads\/2017\/06\/e-commerce-business-courier-300x270.jpg 300w, http:\/\/fortempack.hu\/wp-content\/uploads\/2017\/06\/e-commerce-business-courier-600x540.jpg 600w, http:\/\/fortempack.hu\/wp-content\/uploads\/2017\/06\/e-commerce-business-courier-768x691.jpg 768w, http:\/\/fortempack.hu\/wp-content\/uploads\/2017\/06\/e-commerce-business-courier.jpg 1000w\" sizes=\"(max-width: 300px) 100vw, 300px\" \/><\/p>\n","protected":false},"excerpt":{"rendered":"<p>Csomagol\u00f3anyag: ragaszt\u00f3szalag, kartondoboz, strech f\u00f3lia, l\u00e9gp\u00e1rn\u00e1s f\u00f3lia, hull\u00e1mpap\u00edr, p\u00e1ntol\u00e1stechnika, jel\u00f6l\u0151szalag, sim\u00edt\u00f3z\u00e1ras tasakok \/ PE tasakok, okm\u00e1nytasakok Munkav\u00e9delem: fejv\u00e9delem, l\u00e1bbelik, keszty\u0171k, munkaruh\u00e1zat ESD-s term\u00e9kek: \u00a0\u00a0ESD-s csomagol\u00f3anyagok: strech f\u00f3lia , kartondoboz, l\u00e9gp\u00e1rn\u00e1s f\u00f3lia, ragaszt\u00f3szalag, tasakok, m\u0171anyag dobozok stb \u00a0 ESD-s munkav\u00e9delem: keszty\u0171k, k\u00f6penyek, l\u00e1bbelik, egy\u00e9b kieg\u00e9sz\u00edt\u0151k \u00a0 ESD-s kieg\u00e9sz\u00edt\u0151k Tisztat\u00e9r: \u00a0 Tisztat\u00e9ri eszk\u00f6z\u00f6k:\u00a0felmos\u00f3k, t\u00f6rl\u0151kend\u0151k \u00a0 Tisztat\u00e9ri ruh\u00e1zat: <a class=\"read-more\" href=\"http:\/\/fortempack.hu\/?page_id=59\">Tov\u00e1bb olvasom&#8230;<\/a><\/p>\n","protected":false},"author":1,"featured_media":0,"parent":0,"menu_order":0,"comment_status":"closed","ping_status":"closed","template":"template-full-width.php","meta":[],"yoast_head":"<!-- This site is optimized with the Yoast SEO plugin v19.6 - https:\/\/yoast.com\/wordpress\/plugins\/seo\/ -->\n<title>Term\u00e9kek - Fortempack web\u00e1ruh\u00e1z<\/title>\n<meta name=\"robots\" content=\"index, follow, max-snippet:-1, max-image-preview:large, max-video-preview:-1\" \/>\n<link rel=\"canonical\" href=\"http:\/\/fortempack.hu\/?page_id=59\" \/>\n<meta property=\"og:locale\" content=\"hu_HU\" \/>\n<meta property=\"og:type\" content=\"article\" \/>\n<meta property=\"og:title\" content=\"Term\u00e9kek - Fortempack web\u00e1ruh\u00e1z\" \/>\n<meta property=\"og:description\" content=\"Csomagol\u00f3anyag: ragaszt\u00f3szalag, kartondoboz, strech f\u00f3lia, l\u00e9gp\u00e1rn\u00e1s f\u00f3lia, hull\u00e1mpap\u00edr, p\u00e1ntol\u00e1stechnika, jel\u00f6l\u0151szalag, sim\u00edt\u00f3z\u00e1ras tasakok \/ PE tasakok, okm\u00e1nytasakok Munkav\u00e9delem: fejv\u00e9delem, l\u00e1bbelik, keszty\u0171k, munkaruh\u00e1zat ESD-s term\u00e9kek: \u00a0\u00a0ESD-s csomagol\u00f3anyagok: strech f\u00f3lia , kartondoboz, l\u00e9gp\u00e1rn\u00e1s f\u00f3lia, ragaszt\u00f3szalag, tasakok, m\u0171anyag dobozok stb \u00a0 ESD-s munkav\u00e9delem: keszty\u0171k, k\u00f6penyek, l\u00e1bbelik, egy\u00e9b kieg\u00e9sz\u00edt\u0151k \u00a0 ESD-s kieg\u00e9sz\u00edt\u0151k Tisztat\u00e9r: \u00a0 Tisztat\u00e9ri eszk\u00f6z\u00f6k:\u00a0felmos\u00f3k, t\u00f6rl\u0151kend\u0151k \u00a0 Tisztat\u00e9ri ruh\u00e1zat: Tov\u00e1bb olvasom...\" \/>\n<meta property=\"og:url\" content=\"http:\/\/fortempack.hu\/?page_id=59\" \/>\n<meta property=\"og:site_name\" content=\"Fortempack web\u00e1ruh\u00e1z\" \/>\n<meta property=\"article:modified_time\" content=\"2021-12-29T21:08:47+00:00\" \/>\n<meta property=\"og:image\" content=\"http:\/\/fortempack.hu\/wp-content\/uploads\/2017\/06\/e-commerce-business-courier-300x270.jpg\" \/>\n<meta name=\"twitter:card\" content=\"summary_large_image\" \/>\n<meta name=\"twitter:label1\" content=\"Becs\u00fclt olvas\u00e1si id\u0151\" \/>\n\t<meta name=\"twitter:data1\" content=\"1 perc\" \/>\n<script type=\"application\/ld+json\" class=\"yoast-schema-graph\">{\"@context\":\"https:\/\/schema.org\",\"@graph\":[{\"@type\":\"WebPage\",\"@id\":\"http:\/\/fortempack.hu\/?page_id=59\",\"url\":\"http:\/\/fortempack.hu\/?page_id=59\",\"name\":\"Term\u00e9kek - Fortempack web\u00e1ruh\u00e1z\",\"isPartOf\":{\"@id\":\"https:\/\/fortempack.hu\/#website\"},\"datePublished\":\"2017-06-20T14:52:27+00:00\",\"dateModified\":\"2021-12-29T21:08:47+00:00\",\"breadcrumb\":{\"@id\":\"http:\/\/fortempack.hu\/?page_id=59#breadcrumb\"},\"inLanguage\":\"hu\",\"potentialAction\":[{\"@type\":\"ReadAction\",\"target\":[\"http:\/\/fortempack.hu\/?page_id=59\"]}]},{\"@type\":\"BreadcrumbList\",\"@id\":\"http:\/\/fortempack.hu\/?page_id=59#breadcrumb\",\"itemListElement\":[{\"@type\":\"ListItem\",\"position\":1,\"name\":\"Home\",\"item\":\"https:\/\/fortempack.hu\/\"},{\"@type\":\"ListItem\",\"position\":2,\"name\":\"Term\u00e9kek\"}]},{\"@type\":\"WebSite\",\"@id\":\"https:\/\/fortempack.hu\/#website\",\"url\":\"https:\/\/fortempack.hu\/\",\"name\":\"Fortempack web\u00e1ruh\u00e1z\",\"description\":\"Teljesk\u00f6r\u0171 ell\u00e1t\u00e1sban FORTEM!\",\"publisher\":{\"@id\":\"https:\/\/fortempack.hu\/#organization\"},\"potentialAction\":[{\"@type\":\"SearchAction\",\"target\":{\"@type\":\"EntryPoint\",\"urlTemplate\":\"https:\/\/fortempack.hu\/?s={search_term_string}\"},\"query-input\":\"required name=search_term_string\"}],\"inLanguage\":\"hu\"},{\"@type\":\"Organization\",\"@id\":\"https:\/\/fortempack.hu\/#organization\",\"name\":\"Fortempack web\u00e1ruh\u00e1z\",\"url\":\"https:\/\/fortempack.hu\/\",\"sameAs\":[],\"logo\":{\"@type\":\"ImageObject\",\"inLanguage\":\"hu\",\"@id\":\"https:\/\/fortempack.hu\/#\/schema\/logo\/image\/\",\"url\":\"http:\/\/fortempack.hu\/wp-content\/uploads\/2021\/11\/cropped-Fortem-logo.png\",\"contentUrl\":\"http:\/\/fortempack.hu\/wp-content\/uploads\/2021\/11\/cropped-Fortem-logo.png\",\"width\":468,\"height\":143,\"caption\":\"Fortempack web\u00e1ruh\u00e1z\"},\"image\":{\"@id\":\"https:\/\/fortempack.hu\/#\/schema\/logo\/image\/\"}}]}<\/script>\n<!-- \/ Yoast SEO plugin. -->","yoast_head_json":{"title":"Term\u00e9kek - Fortempack web\u00e1ruh\u00e1z","robots":{"index":"index","follow":"follow","max-snippet":"max-snippet:-1","max-image-preview":"max-image-preview:large","max-video-preview":"max-video-preview:-1"},"canonical":"http:\/\/fortempack.hu\/?page_id=59","og_locale":"hu_HU","og_type":"article","og_title":"Term\u00e9kek - Fortempack web\u00e1ruh\u00e1z","og_description":"Csomagol\u00f3anyag: ragaszt\u00f3szalag, kartondoboz, strech f\u00f3lia, l\u00e9gp\u00e1rn\u00e1s f\u00f3lia, hull\u00e1mpap\u00edr, p\u00e1ntol\u00e1stechnika, jel\u00f6l\u0151szalag, sim\u00edt\u00f3z\u00e1ras tasakok \/ PE tasakok, okm\u00e1nytasakok Munkav\u00e9delem: fejv\u00e9delem, l\u00e1bbelik, keszty\u0171k, munkaruh\u00e1zat ESD-s term\u00e9kek: \u00a0\u00a0ESD-s csomagol\u00f3anyagok: strech f\u00f3lia , kartondoboz, l\u00e9gp\u00e1rn\u00e1s f\u00f3lia, ragaszt\u00f3szalag, tasakok, m\u0171anyag dobozok stb \u00a0 ESD-s munkav\u00e9delem: keszty\u0171k, k\u00f6penyek, l\u00e1bbelik, egy\u00e9b kieg\u00e9sz\u00edt\u0151k \u00a0 ESD-s kieg\u00e9sz\u00edt\u0151k Tisztat\u00e9r: \u00a0 Tisztat\u00e9ri eszk\u00f6z\u00f6k:\u00a0felmos\u00f3k, t\u00f6rl\u0151kend\u0151k \u00a0 Tisztat\u00e9ri ruh\u00e1zat: Tov\u00e1bb olvasom...","og_url":"http:\/\/fortempack.hu\/?page_id=59","og_site_name":"Fortempack web\u00e1ruh\u00e1z","article_modified_time":"2021-12-29T21:08:47+00:00","og_image":[{"url":"http:\/\/fortempack.hu\/wp-content\/uploads\/2017\/06\/e-commerce-business-courier-300x270.jpg"}],"twitter_card":"summary_large_image","twitter_misc":{"Becs\u00fclt olvas\u00e1si id\u0151":"1 perc"},"schema":{"@context":"https:\/\/schema.org","@graph":[{"@type":"WebPage","@id":"http:\/\/fortempack.hu\/?page_id=59","url":"http:\/\/fortempack.hu\/?page_id=59","name":"Term\u00e9kek - Fortempack web\u00e1ruh\u00e1z","isPartOf":{"@id":"https:\/\/fortempack.hu\/#website"},"datePublished":"2017-06-20T14:52:27+00:00","dateModified":"2021-12-29T21:08:47+00:00","breadcrumb":{"@id":"http:\/\/fortempack.hu\/?page_id=59#breadcrumb"},"inLanguage":"hu","potentialAction":[{"@type":"ReadAction","target":["http:\/\/fortempack.hu\/?page_id=59"]}]},{"@type":"BreadcrumbList","@id":"http:\/\/fortempack.hu\/?page_id=59#breadcrumb","itemListElement":[{"@type":"ListItem","position":1,"name":"Home","item":"https:\/\/fortempack.hu\/"},{"@type":"ListItem","position":2,"name":"Term\u00e9kek"}]},{"@type":"WebSite","@id":"https:\/\/fortempack.hu\/#website","url":"https:\/\/fortempack.hu\/","name":"Fortempack web\u00e1ruh\u00e1z","description":"Teljesk\u00f6r\u0171 ell\u00e1t\u00e1sban FORTEM!","publisher":{"@id":"https:\/\/fortempack.hu\/#organization"},"potentialAction":[{"@type":"SearchAction","target":{"@type":"EntryPoint","urlTemplate":"https:\/\/fortempack.hu\/?s={search_term_string}"},"query-input":"required name=search_term_string"}],"inLanguage":"hu"},{"@type":"Organization","@id":"https:\/\/fortempack.hu\/#organization","name":"Fortempack web\u00e1ruh\u00e1z","url":"https:\/\/fortempack.hu\/","sameAs":[],"logo":{"@type":"ImageObject","inLanguage":"hu","@id":"https:\/\/fortempack.hu\/#\/schema\/logo\/image\/","url":"http:\/\/fortempack.hu\/wp-content\/uploads\/2021\/11\/cropped-Fortem-logo.png","contentUrl":"http:\/\/fortempack.hu\/wp-content\/uploads\/2021\/11\/cropped-Fortem-logo.png","width":468,"height":143,"caption":"Fortempack web\u00e1ruh\u00e1z"},"image":{"@id":"https:\/\/fortempack.hu\/#\/schema\/logo\/image\/"}}]}},"_links":{"self":[{"href":"http:\/\/fortempack.hu\/index.php?rest_route=\/wp\/v2\/pages\/59"}],"collection":[{"href":"http:\/\/fortempack.hu\/index.php?rest_route=\/wp\/v2\/pages"}],"about":[{"href":"http:\/\/fortempack.hu\/index.php?rest_route=\/wp\/v2\/types\/page"}],"author":[{"embeddable":true,"href":"http:\/\/fortempack.hu\/index.php?rest_route=\/wp\/v2\/users\/1"}],"replies":[{"embeddable":true,"href":"http:\/\/fortempack.hu\/index.php?rest_route=%2Fwp%2Fv2%2Fcomments&post=59"}],"version-history":[{"count":22,"href":"http:\/\/fortempack.hu\/index.php?rest_route=\/wp\/v2\/pages\/59\/revisions"}],"predecessor-version":[{"id":11219,"href":"http:\/\/fortempack.hu\/index.php?rest_route=\/wp\/v2\/pages\/59\/revisions\/11219"}],"wp:attachment":[{"href":"http:\/\/fortempack.hu\/index.php?rest_route=%2Fwp%2Fv2%2Fmedia&parent=59"}],"curies":[{"name":"wp","href":"https:\/\/api.w.org\/{rel}","templated":true}]}}