{"id":220,"date":"2017-07-31T14:12:11","date_gmt":"2017-07-31T14:12:11","guid":{"rendered":"http:\/\/fortempack.hu\/?page_id=220"},"modified":"2020-03-17T09:30:28","modified_gmt":"2020-03-17T09:30:28","slug":"szallitasi-es-fizetesi-feltetelek","status":"publish","type":"page","link":"http:\/\/fortempack.hu\/?page_id=220","title":{"rendered":"Sz\u00e1ll\u00edt\u00e1si \u00e9s fizet\u00e9si felt\u00e9telek"},"content":{"rendered":"<p>Fizet\u00e9s banki el\u0151reutal\u00e1ssal lehets\u00e9ges. Szem\u00e9lyes \u00e1tv\u00e9telre a 2142,Nagytarcsa, Als\u00f3 Ipari k\u00f6r\u00fat 8\/F sz\u00e1m alatt lehets\u00e9ges, el\u0151zetes egyeztet\u00e9s ut\u00e1n 8-16 \u00f3ra k\u00f6z\u00f6tt.<\/p>\n<p>Sz\u00e1ll\u00edt\u00e1si d\u00edjak:<\/p>\n<p>0-2 kg-ig\u00a0 \u00a0 \u00a0 \u00a0 \u00a01500.- Ft<br \/>\n2-5 kg-ig\u00a0 \u00a0 \u00a0 \u00a0 1778 .- Ft<br \/>\n5-9 kg-ig\u00a0 \u00a0 \u00a0 \u00a0 \u00a01969.- Ft<br \/>\n10-19 kg-ig\u00a0 \u00a02413.- Ft<br \/>\n20-39 kg-ig\u00a0 \u00a04826 .- Ft<br \/>\n40-59 kg-ig\u00a0 \u00a06000 .- Ft<br \/>\n60 kg-t\u00f3l\u00a0 \u00a0 \u00a0 \u00a0 12 000.- Ft<\/p>\n","protected":false},"excerpt":{"rendered":"<p>Fizet\u00e9s banki el\u0151reutal\u00e1ssal lehets\u00e9ges. Szem\u00e9lyes \u00e1tv\u00e9telre a 2142,Nagytarcsa, Als\u00f3 Ipari k\u00f6r\u00fat 8\/F sz\u00e1m alatt lehets\u00e9ges, el\u0151zetes egyeztet\u00e9s ut\u00e1n 8-16 \u00f3ra k\u00f6z\u00f6tt. Sz\u00e1ll\u00edt\u00e1si d\u00edjak: 0-2 kg-ig\u00a0 \u00a0 \u00a0 \u00a0 \u00a01500.- Ft 2-5 kg-ig\u00a0 \u00a0 \u00a0 \u00a0 1778 .- Ft 5-9 kg-ig\u00a0 \u00a0 \u00a0 \u00a0 \u00a01969.- Ft 10-19 kg-ig\u00a0 \u00a02413.- Ft 20-39 kg-ig\u00a0 \u00a04826 .- Ft 40-59 <a class=\"read-more\" href=\"http:\/\/fortempack.hu\/?page_id=220\">Tov\u00e1bb olvasom&#8230;<\/a><\/p>\n","protected":false},"author":1,"featured_media":0,"parent":0,"menu_order":0,"comment_status":"closed","ping_status":"closed","template":"","meta":[],"yoast_head":"<!-- This site is optimized with the Yoast SEO plugin v19.6 - https:\/\/yoast.com\/wordpress\/plugins\/seo\/ -->\n<title>Sz\u00e1ll\u00edt\u00e1si \u00e9s fizet\u00e9si felt\u00e9telek - Fortempack web\u00e1ruh\u00e1z<\/title>\n<meta name=\"robots\" content=\"index, follow, max-snippet:-1, max-image-preview:large, max-video-preview:-1\" \/>\n<link rel=\"canonical\" href=\"http:\/\/fortempack.hu\/?page_id=220\" \/>\n<meta property=\"og:locale\" content=\"hu_HU\" \/>\n<meta property=\"og:type\" content=\"article\" \/>\n<meta property=\"og:title\" content=\"Sz\u00e1ll\u00edt\u00e1si \u00e9s fizet\u00e9si felt\u00e9telek - Fortempack web\u00e1ruh\u00e1z\" \/>\n<meta property=\"og:description\" content=\"Fizet\u00e9s banki el\u0151reutal\u00e1ssal lehets\u00e9ges. Szem\u00e9lyes \u00e1tv\u00e9telre a 2142,Nagytarcsa, Als\u00f3 Ipari k\u00f6r\u00fat 8\/F sz\u00e1m alatt lehets\u00e9ges, el\u0151zetes egyeztet\u00e9s ut\u00e1n 8-16 \u00f3ra k\u00f6z\u00f6tt. Sz\u00e1ll\u00edt\u00e1si d\u00edjak: 0-2 kg-ig\u00a0 \u00a0 \u00a0 \u00a0 \u00a01500.- Ft 2-5 kg-ig\u00a0 \u00a0 \u00a0 \u00a0 1778 .- Ft 5-9 kg-ig\u00a0 \u00a0 \u00a0 \u00a0 \u00a01969.- Ft 10-19 kg-ig\u00a0 \u00a02413.- Ft 20-39 kg-ig\u00a0 \u00a04826 .- Ft 40-59 Tov\u00e1bb olvasom...\" \/>\n<meta property=\"og:url\" content=\"http:\/\/fortempack.hu\/?page_id=220\" \/>\n<meta property=\"og:site_name\" content=\"Fortempack web\u00e1ruh\u00e1z\" \/>\n<meta property=\"article:modified_time\" content=\"2020-03-17T09:30:28+00:00\" \/>\n<meta name=\"twitter:card\" content=\"summary_large_image\" \/>\n<script type=\"application\/ld+json\" class=\"yoast-schema-graph\">{\"@context\":\"https:\/\/schema.org\",\"@graph\":[{\"@type\":\"WebPage\",\"@id\":\"http:\/\/fortempack.hu\/?page_id=220\",\"url\":\"http:\/\/fortempack.hu\/?page_id=220\",\"name\":\"Sz\u00e1ll\u00edt\u00e1si \u00e9s fizet\u00e9si felt\u00e9telek - Fortempack web\u00e1ruh\u00e1z\",\"isPartOf\":{\"@id\":\"https:\/\/fortempack.hu\/#website\"},\"datePublished\":\"2017-07-31T14:12:11+00:00\",\"dateModified\":\"2020-03-17T09:30:28+00:00\",\"breadcrumb\":{\"@id\":\"http:\/\/fortempack.hu\/?page_id=220#breadcrumb\"},\"inLanguage\":\"hu\",\"potentialAction\":[{\"@type\":\"ReadAction\",\"target\":[\"http:\/\/fortempack.hu\/?page_id=220\"]}]},{\"@type\":\"BreadcrumbList\",\"@id\":\"http:\/\/fortempack.hu\/?page_id=220#breadcrumb\",\"itemListElement\":[{\"@type\":\"ListItem\",\"position\":1,\"name\":\"Home\",\"item\":\"https:\/\/fortempack.hu\/\"},{\"@type\":\"ListItem\",\"position\":2,\"name\":\"Sz\u00e1ll\u00edt\u00e1si \u00e9s fizet\u00e9si felt\u00e9telek\"}]},{\"@type\":\"WebSite\",\"@id\":\"https:\/\/fortempack.hu\/#website\",\"url\":\"https:\/\/fortempack.hu\/\",\"name\":\"Fortempack web\u00e1ruh\u00e1z\",\"description\":\"Teljesk\u00f6r\u0171 ell\u00e1t\u00e1sban FORTEM!\",\"publisher\":{\"@id\":\"https:\/\/fortempack.hu\/#organization\"},\"potentialAction\":[{\"@type\":\"SearchAction\",\"target\":{\"@type\":\"EntryPoint\",\"urlTemplate\":\"https:\/\/fortempack.hu\/?s={search_term_string}\"},\"query-input\":\"required name=search_term_string\"}],\"inLanguage\":\"hu\"},{\"@type\":\"Organization\",\"@id\":\"https:\/\/fortempack.hu\/#organization\",\"name\":\"Fortempack web\u00e1ruh\u00e1z\",\"url\":\"https:\/\/fortempack.hu\/\",\"sameAs\":[],\"logo\":{\"@type\":\"ImageObject\",\"inLanguage\":\"hu\",\"@id\":\"https:\/\/fortempack.hu\/#\/schema\/logo\/image\/\",\"url\":\"http:\/\/fortempack.hu\/wp-content\/uploads\/2021\/11\/cropped-Fortem-logo.png\",\"contentUrl\":\"http:\/\/fortempack.hu\/wp-content\/uploads\/2021\/11\/cropped-Fortem-logo.png\",\"width\":468,\"height\":143,\"caption\":\"Fortempack web\u00e1ruh\u00e1z\"},\"image\":{\"@id\":\"https:\/\/fortempack.hu\/#\/schema\/logo\/image\/\"}}]}<\/script>\n<!-- \/ Yoast SEO plugin. -->","yoast_head_json":{"title":"Sz\u00e1ll\u00edt\u00e1si \u00e9s fizet\u00e9si felt\u00e9telek - Fortempack web\u00e1ruh\u00e1z","robots":{"index":"index","follow":"follow","max-snippet":"max-snippet:-1","max-image-preview":"max-image-preview:large","max-video-preview":"max-video-preview:-1"},"canonical":"http:\/\/fortempack.hu\/?page_id=220","og_locale":"hu_HU","og_type":"article","og_title":"Sz\u00e1ll\u00edt\u00e1si \u00e9s fizet\u00e9si felt\u00e9telek - Fortempack web\u00e1ruh\u00e1z","og_description":"Fizet\u00e9s banki el\u0151reutal\u00e1ssal lehets\u00e9ges. Szem\u00e9lyes \u00e1tv\u00e9telre a 2142,Nagytarcsa, Als\u00f3 Ipari k\u00f6r\u00fat 8\/F sz\u00e1m alatt lehets\u00e9ges, el\u0151zetes egyeztet\u00e9s ut\u00e1n 8-16 \u00f3ra k\u00f6z\u00f6tt. Sz\u00e1ll\u00edt\u00e1si d\u00edjak: 0-2 kg-ig\u00a0 \u00a0 \u00a0 \u00a0 \u00a01500.- Ft 2-5 kg-ig\u00a0 \u00a0 \u00a0 \u00a0 1778 .- Ft 5-9 kg-ig\u00a0 \u00a0 \u00a0 \u00a0 \u00a01969.- Ft 10-19 kg-ig\u00a0 \u00a02413.- Ft 20-39 kg-ig\u00a0 \u00a04826 .- Ft 40-59 Tov\u00e1bb olvasom...","og_url":"http:\/\/fortempack.hu\/?page_id=220","og_site_name":"Fortempack web\u00e1ruh\u00e1z","article_modified_time":"2020-03-17T09:30:28+00:00","twitter_card":"summary_large_image","schema":{"@context":"https:\/\/schema.org","@graph":[{"@type":"WebPage","@id":"http:\/\/fortempack.hu\/?page_id=220","url":"http:\/\/fortempack.hu\/?page_id=220","name":"Sz\u00e1ll\u00edt\u00e1si \u00e9s fizet\u00e9si felt\u00e9telek - Fortempack web\u00e1ruh\u00e1z","isPartOf":{"@id":"https:\/\/fortempack.hu\/#website"},"datePublished":"2017-07-31T14:12:11+00:00","dateModified":"2020-03-17T09:30:28+00:00","breadcrumb":{"@id":"http:\/\/fortempack.hu\/?page_id=220#breadcrumb"},"inLanguage":"hu","potentialAction":[{"@type":"ReadAction","target":["http:\/\/fortempack.hu\/?page_id=220"]}]},{"@type":"BreadcrumbList","@id":"http:\/\/fortempack.hu\/?page_id=220#breadcrumb","itemListElement":[{"@type":"ListItem","position":1,"name":"Home","item":"https:\/\/fortempack.hu\/"},{"@type":"ListItem","position":2,"name":"Sz\u00e1ll\u00edt\u00e1si \u00e9s fizet\u00e9si felt\u00e9telek"}]},{"@type":"WebSite","@id":"https:\/\/fortempack.hu\/#website","url":"https:\/\/fortempack.hu\/","name":"Fortempack web\u00e1ruh\u00e1z","description":"Teljesk\u00f6r\u0171 ell\u00e1t\u00e1sban FORTEM!","publisher":{"@id":"https:\/\/fortempack.hu\/#organization"},"potentialAction":[{"@type":"SearchAction","target":{"@type":"EntryPoint","urlTemplate":"https:\/\/fortempack.hu\/?s={search_term_string}"},"query-input":"required name=search_term_string"}],"inLanguage":"hu"},{"@type":"Organization","@id":"https:\/\/fortempack.hu\/#organization","name":"Fortempack web\u00e1ruh\u00e1z","url":"https:\/\/fortempack.hu\/","sameAs":[],"logo":{"@type":"ImageObject","inLanguage":"hu","@id":"https:\/\/fortempack.hu\/#\/schema\/logo\/image\/","url":"http:\/\/fortempack.hu\/wp-content\/uploads\/2021\/11\/cropped-Fortem-logo.png","contentUrl":"http:\/\/fortempack.hu\/wp-content\/uploads\/2021\/11\/cropped-Fortem-logo.png","width":468,"height":143,"caption":"Fortempack web\u00e1ruh\u00e1z"},"image":{"@id":"https:\/\/fortempack.hu\/#\/schema\/logo\/image\/"}}]}},"_links":{"self":[{"href":"http:\/\/fortempack.hu\/index.php?rest_route=\/wp\/v2\/pages\/220"}],"collection":[{"href":"http:\/\/fortempack.hu\/index.php?rest_route=\/wp\/v2\/pages"}],"about":[{"href":"http:\/\/fortempack.hu\/index.php?rest_route=\/wp\/v2\/types\/page"}],"author":[{"embeddable":true,"href":"http:\/\/fortempack.hu\/index.php?rest_route=\/wp\/v2\/users\/1"}],"replies":[{"embeddable":true,"href":"http:\/\/fortempack.hu\/index.php?rest_route=%2Fwp%2Fv2%2Fcomments&post=220"}],"version-history":[{"count":5,"href":"http:\/\/fortempack.hu\/index.php?rest_route=\/wp\/v2\/pages\/220\/revisions"}],"predecessor-version":[{"id":4292,"href":"http:\/\/fortempack.hu\/index.php?rest_route=\/wp\/v2\/pages\/220\/revisions\/4292"}],"wp:attachment":[{"href":"http:\/\/fortempack.hu\/index.php?rest_route=%2Fwp%2Fv2%2Fmedia&parent=220"}],"curies":[{"name":"wp","href":"https:\/\/api.w.org\/{rel}","templated":true}]}}